{"id":2,"date":"2022-01-14T09:33:13","date_gmt":"2022-01-14T08:33:13","guid":{"rendered":"http:\/\/blog.swafing.de\/upload\/?page_id=2"},"modified":"2025-05-21T17:19:03","modified_gmt":"2025-05-21T15:19:03","slug":"sample-page","status":"publish","type":"page","link":"https:\/\/blog.swafing.de\/upload\/","title":{"rendered":"Sample Page"},"content":{"rendered":"<div role=\"form\" class=\"wpcf7\" id=\"wpcf7-f21-o1\" lang=\"de-DE\" dir=\"ltr\">\n<div class=\"screen-reader-response\"><p role=\"status\" aria-live=\"polite\" aria-atomic=\"true\"><\/p> <ul><\/ul><\/div>\n<form action=\"\/upload\/wp-json\/wp\/v2\/pages\/2#wpcf7-f21-o1\" method=\"post\" class=\"wpcf7-form init\" novalidate=\"novalidate\" data-status=\"init\">\n<div style=\"display: none;\">\n<input type=\"hidden\" name=\"_wpcf7\" value=\"21\" \/>\n<input type=\"hidden\" name=\"_wpcf7_version\" value=\"5.5.3\" \/>\n<input type=\"hidden\" name=\"_wpcf7_locale\" value=\"de_DE\" \/>\n<input type=\"hidden\" name=\"_wpcf7_unit_tag\" value=\"wpcf7-f21-o1\" \/>\n<input type=\"hidden\" name=\"_wpcf7_container_post\" value=\"0\" \/>\n<input type=\"hidden\" name=\"_wpcf7_posted_data_hash\" value=\"\" \/>\n<\/div>\n<p><label> So hei\u00dft dein Gesch\u00e4ft\/Onlineshop:<br \/>\n    <span class=\"wpcf7-form-control-wrap your-shop\"><input type=\"text\" name=\"your-shop\" value=\"\" size=\"40\" class=\"wpcf7-form-control wpcf7-text\" aria-invalid=\"false\" \/><\/span> <\/label><\/p>\n<p><label> URL von deinem Onlineshop\/Webseite:<br \/>\n    <span class=\"wpcf7-form-control-wrap your-url\"><input type=\"text\" name=\"your-url\" value=\"\" size=\"40\" class=\"wpcf7-form-control wpcf7-text\" aria-invalid=\"false\" \/><\/span> <\/label><\/p>\n<p><label> Adresse Ladengesch\u00e4ft:<\/p>\n<h6>Bitte Name und vollst\u00e4ndige Adresse deines Ladengesch\u00e4fts angeben! <\/h6>\n<p>    <span class=\"wpcf7-form-control-wrap your-store\"><input type=\"text\" name=\"your-store\" value=\"\" size=\"40\" class=\"wpcf7-form-control wpcf7-text\" aria-invalid=\"false\" \/><\/span> <\/label><\/p>\n<p><label> Dein Instagram:<br \/>\n    <span class=\"wpcf7-form-control-wrap your-insta\"><input type=\"text\" name=\"your-insta\" value=\"\" size=\"40\" class=\"wpcf7-form-control wpcf7-text\" aria-invalid=\"false\" \/><\/span> <\/label><\/p>\n<p><label> Dein Facebook:<br \/>\n    <span class=\"wpcf7-form-control-wrap your-fb\"><input type=\"text\" name=\"your-fb\" value=\"\" size=\"40\" class=\"wpcf7-form-control wpcf7-text\" aria-invalid=\"false\" \/><\/span> <\/label><\/p>\n<p><label> Deine E-Mail-Adresse:<br \/>\n    <span class=\"wpcf7-form-control-wrap your-email\"><input type=\"email\" name=\"your-email\" value=\"\" size=\"40\" class=\"wpcf7-form-control wpcf7-text wpcf7-email wpcf7-validates-as-required wpcf7-validates-as-email\" aria-required=\"true\" aria-invalid=\"false\" \/><\/span> <\/label><\/p>\n<p><label> Das ist dein Shop:<\/p>\n<h6>Schreibe uns einen kurzen Text mit allen wichtigen Infos - z.B. Wer seid ihr?  \u2013 Wo findet man euch? \u2013 Was macht euren Shop besonders? <\/h6>\n<p>    <span class=\"wpcf7-form-control-wrap shoptext\"><textarea name=\"shoptext\" cols=\"40\" rows=\"10\" class=\"wpcf7-form-control wpcf7-textarea wpcf7-validates-as-required\" aria-required=\"true\" aria-invalid=\"false\"><\/textarea><\/span> <\/label><\/p>\n<h6>Wichtig: F\u00fcr die Teilnahme brauchen wir einige Bilder eures Gesch\u00e4fts oder Onlineshops (gern mit euch oder dem Team!) Gerne auch euer Logo. Auch ein kurzes Video ist m\u00f6glich!<br \/>\n<h6>\n<p><span class=\"wpcf7-form-control-wrap upload-file-233\"><input type=\"file\" size=\"40\" class=\"wpcf7-form-control wpcf7-drag-n-drop-file d-none\" aria-required=\"true\" aria-invalid=\"false\" multiple=\"multiple\" data-name=\"upload-file-233\" data-limit=\"200000000\" data-min=\"0\" data-max=\"100\" data-id=\"21\" data-version=\"free version 1.3.6.2\" accept=\".\" \/><\/span><\/p>\n<p><label> Name und Vorname der einreichenden Person*:<br \/>\n      <span class=\"wpcf7-form-control-wrap your-name\"><input type=\"text\" name=\"your-name\" value=\"\" size=\"40\" class=\"wpcf7-form-control wpcf7-text wpcf7-validates-as-required\" aria-required=\"true\" aria-invalid=\"false\" \/><\/span> <\/label><\/p>\n<h6>* Wird nicht ver\u00f6ffentlicht, wenn der Name der Inhaber \/ Mitarbeiter enthalten sein soll, bitte bei \"Das ist dein Shop\" mit hineinschreiben!<\/h6>\n<h6><span class=\"wpcf7-form-control-wrap checkbox-683\"><span class=\"wpcf7-form-control wpcf7-checkbox wpcf7-validates-as-required\"><span class=\"wpcf7-list-item first last\"><label><input type=\"checkbox\" name=\"checkbox-683[]\" value=\"(Mit dem Abschicken dieses Formulars und dem Einsenden von Fotos und Videodateien erkl\u00e4re ich, dass ich die Rechte an den \u00fcbermittelten Fotos\/Videos und Texten habe und diese von Swafing ver\u00f6ffentlicht werden d\u00fcrfen.\" \/><span class=\"wpcf7-list-item-label\">(Mit dem Abschicken dieses Formulars und dem Einsenden von Fotos und Videodateien erkl\u00e4re ich, dass ich die Rechte an den \u00fcbermittelten Fotos\/Videos und Texten habe und diese von Swafing ver\u00f6ffentlicht werden d\u00fcrfen.<\/span><\/label><\/span><\/span><\/span><\/h6>\n<p><input type=\"submit\" value=\"Senden\" class=\"wpcf7-form-control has-spinner wpcf7-submit\" \/><\/p>\n<div class=\"wpcf7-response-output\" aria-hidden=\"true\"><\/div><\/form><\/div>\n<h6><span style=\"font-weight: 400;\">\u00a0<strong>Macht mit \u2013 wir freuen uns auf eure Geschichten! \ud83d\udcac<\/strong><\/span><\/h6>\n<h6><\/h6>\n","protected":false},"excerpt":{"rendered":"<p>\u00a0Macht mit \u2013 wir freuen uns auf eure Geschichten! \ud83d\udcac<\/p>\n","protected":false},"author":1,"featured_media":0,"parent":0,"menu_order":0,"comment_status":"closed","ping_status":"open","template":"","meta":{"footnotes":""},"class_list":["post-2","page","type-page","status-publish","hentry","entry"],"_links":{"self":[{"href":"https:\/\/blog.swafing.de\/upload\/wp-json\/wp\/v2\/pages\/2","targetHints":{"allow":["GET"]}}],"collection":[{"href":"https:\/\/blog.swafing.de\/upload\/wp-json\/wp\/v2\/pages"}],"about":[{"href":"https:\/\/blog.swafing.de\/upload\/wp-json\/wp\/v2\/types\/page"}],"author":[{"embeddable":true,"href":"https:\/\/blog.swafing.de\/upload\/wp-json\/wp\/v2\/users\/1"}],"replies":[{"embeddable":true,"href":"https:\/\/blog.swafing.de\/upload\/wp-json\/wp\/v2\/comments?post=2"}],"version-history":[{"count":10,"href":"https:\/\/blog.swafing.de\/upload\/wp-json\/wp\/v2\/pages\/2\/revisions"}],"predecessor-version":[{"id":31,"href":"https:\/\/blog.swafing.de\/upload\/wp-json\/wp\/v2\/pages\/2\/revisions\/31"}],"wp:attachment":[{"href":"https:\/\/blog.swafing.de\/upload\/wp-json\/wp\/v2\/media?parent=2"}],"curies":[{"name":"wp","href":"https:\/\/api.w.org\/{rel}","templated":true}]}}